{"id":144,"date":"2022-12-12T17:43:21","date_gmt":"2022-12-12T16:43:21","guid":{"rendered":"http:\/\/www.sintacs.fr\/?page_id=144"},"modified":"2024-12-23T03:09:27","modified_gmt":"2024-12-23T02:09:27","slug":"notre-offre-de-formations","status":"publish","type":"page","link":"https:\/\/www.sintacs.fr\/index.php\/notre-offre-de-formations\/","title":{"rendered":"Notre offre de formations"},"content":{"rendered":"\n<div class=\"wp-block-cover alignfull\" style=\"min-height:327px;aspect-ratio:unset;\"><span aria-hidden=\"true\" class=\"wp-block-cover__background has-nv-dark-bg-background-color has-background-dim-100 has-background-dim\"><\/span><div class=\"wp-block-cover__inner-container is-layout-flow wp-block-cover-is-layout-flow\">\n<div class=\"wp-block-group\"><div class=\"wp-block-group__inner-container is-layout-flow wp-block-group-is-layout-flow\">\n<div style=\"height:35px\" aria-hidden=\"true\" class=\"wp-block-spacer\"><\/div>\n\n\n\n<div class=\"wp-block-columns are-vertically-aligned-center is-layout-flex wp-container-core-columns-is-layout-9d6595d7 wp-block-columns-is-layout-flex\">\n<div class=\"wp-block-column is-vertically-aligned-center is-layout-flow wp-block-column-is-layout-flow\" style=\"flex-basis:49%\"><div class=\"wp-block-image\">\n<figure class=\"aligncenter size-large\"><img loading=\"lazy\" decoding=\"async\" width=\"1024\" height=\"576\" src=\"https:\/\/www.sintacs.fr\/wp-content\/uploads\/2022\/12\/cape-1024x576.jpeg\" alt=\"\" class=\"wp-image-126\" srcset=\"https:\/\/www.sintacs.fr\/wp-content\/uploads\/2022\/12\/cape-1024x576.jpeg 1024w, https:\/\/www.sintacs.fr\/wp-content\/uploads\/2022\/12\/cape-300x169.jpeg 300w, https:\/\/www.sintacs.fr\/wp-content\/uploads\/2022\/12\/cape-768x432.jpeg 768w, https:\/\/www.sintacs.fr\/wp-content\/uploads\/2022\/12\/cape.jpeg 1536w\" sizes=\"auto, (max-width: 1024px) 100vw, 1024px\" \/><\/figure>\n<\/div><\/div>\n\n\n\n<div class=\"wp-block-column is-layout-flow wp-block-column-is-layout-flow\" style=\"flex-basis:2%\"><\/div>\n\n\n\n<div class=\"wp-block-column is-vertically-aligned-center is-layout-flow wp-block-column-is-layout-flow\" style=\"flex-basis:49%\">\n<p>Nous proposons des formations \u00e0 destination aussi bien des \u00e9lu\u00b7es et des agent\u00b7es des collectivit\u00e9s territoriales que des acteurs travaillant avec les collectivit\u00e9s territoriales. Notre organisme de formation \u00e9tant <strong>certifi\u00e9<\/strong> <strong>Qualiopi<\/strong>, nos formations peuvent \u00eatre prises en charge par les OPCO ou les FIF. Nos formations peuvent avoir lieu aussi bien <strong>en pr\u00e9sentiel <\/strong>dans nos locaux en Gironde ou dans les v\u00f4tres que <strong>par visioconf\u00e9rence<\/strong>. Nous pouvons aussi \u00e9laborer des formations sur-mesure r\u00e9pondant \u00e0 vos besoins sp\u00e9cifiques.<\/p>\n<\/div>\n<\/div>\n<\/div><\/div>\n<\/div><\/div>\n\n\n\n<h2 class=\"wp-block-heading\"><br>Nos propositions du moment <br><\/h2>\n\n\n\n<div class=\"wp-block-group\"><div class=\"wp-block-group__inner-container is-layout-flow wp-block-group-is-layout-flow\">\n<div class=\"wp-block-columns are-vertically-aligned-center is-layout-flex wp-container-core-columns-is-layout-9d6595d7 wp-block-columns-is-layout-flex\">\n<div class=\"wp-block-column is-vertically-aligned-center is-layout-flow wp-block-column-is-layout-flow\" style=\"flex-basis:49%\">\n<h3 class=\"wp-block-heading has-text-align-center has-neve-text-color-color has-text-color has-large-font-size\"><em>Cap sur la seconde partie de la mandature<\/em><\/h3>\n\n\n\n<p>Les derni\u00e8res \u00e9lections municipales remontent \u00e0 3 ans. Et si c\u2019\u00e9tait l\u2019occasion de r\u00e9aliser un bilan de mi-mandat ?<\/p>\n\n\n\n<p>\u00c9labor\u00e9e \u00e0 destination des \u00e9lu\u00b7e\u00b7s des communes et des intercommunalit\u00e9s et comprenant notamment des exercices de mise en situation r\u00e9elle, cette formation d&rsquo;une journ\u00e9e comprend deux temps :<br>&#8211; comment \u00e9laborer un bilan de mi-mandat ?<br>&#8211; comment pr\u00e9parer la seconde partie de la mandature ?<\/p>\n\n\n\n<div class=\"wp-block-buttons is-content-justification-center is-layout-flex wp-container-core-buttons-is-layout-16018d1d wp-block-buttons-is-layout-flex\">\n<div class=\"wp-block-button is-style-primary\"><a class=\"wp-block-button__link wp-element-button\" href=\"https:\/\/www.sintacs.fr\/wp-content\/uploads\/2023\/03\/SINTACS-Programme-formation-Cap-sur-la-seconde-partie-de-la-mandature.pdf\">POUR EN SAVOIR PLUS&#8230;<\/a><\/div>\n<\/div>\n\n\n\n<div style=\"height:40px\" aria-hidden=\"true\" class=\"wp-block-spacer\"><\/div>\n<\/div>\n\n\n\n<div class=\"wp-block-column is-layout-flow wp-block-column-is-layout-flow\" style=\"flex-basis:2%\"><\/div>\n\n\n\n<div class=\"wp-block-column is-vertically-aligned-center is-layout-flow wp-block-column-is-layout-flow\" style=\"flex-basis:49%\">\n<h2 class=\"wp-block-heading has-text-align-center has-large-font-size\"><em>Int\u00e9grer une collectivit\u00e9<\/em> <em>territoriale<\/em><\/h2>\n\n\n\n<p>Les collectivit\u00e9s territoriales comptent dans leurs rangs un nombre croissant de personnels recrut\u00e9s par voie contractuelle. \u00c0 l&rsquo;inverse des personnels titulaires de la fonction publique, tous les personnels contractuels n&rsquo;ont pas suivi de formation d&rsquo;int\u00e9gration.<\/p>\n\n\n\n<p>\u00c9labor\u00e9e \u00e0 destination des agent\u00b7es de la fonction publique territoriale recrut\u00e9\u00b7es sur des contrats de moins d&rsquo;un an, cette formation d&rsquo;une journ\u00e9e vise \u00e0 faciliter leur int\u00e9gration dans la collectivit\u00e9 qu&rsquo;ils viennent de rejoindre, notamment en leur pr\u00e9sentant leur nouvel environnement professionnel et les valeurs du service public.<\/p>\n\n\n\n<div class=\"wp-block-buttons is-content-justification-center is-layout-flex wp-container-core-buttons-is-layout-16018d1d wp-block-buttons-is-layout-flex\">\n<div class=\"wp-block-button\"><a class=\"wp-block-button__link has-neve-text-color-color has-neve-link-hover-color-background-color has-text-color has-background wp-element-button\" href=\"https:\/\/www.sintacs.fr\/wp-content\/uploads\/2023\/03\/SINTACS-Programme-formation-Integrer-une-collectivite-territoriale.pdf\">POUR EN SAVOIR PLUS&#8230;<\/a><\/div>\n<\/div>\n<\/div>\n<\/div>\n\n\n\n<div style=\"height:27px\" aria-hidden=\"true\" class=\"wp-block-spacer\"><\/div>\n<\/div><\/div>\n\n\n\n<div class=\"wp-block-cover alignfull\" style=\"min-height:324px;aspect-ratio:unset;\"><span aria-hidden=\"true\" class=\"wp-block-cover__background has-nv-dark-bg-background-color has-background-dim-100 has-background-dim\"><\/span><div class=\"wp-block-cover__inner-container is-layout-flow wp-block-cover-is-layout-flow\">\n<div style=\"height:35px\" aria-hidden=\"true\" class=\"wp-block-spacer\"><\/div>\n\n\n\n<div class=\"wp-block-group\"><div class=\"wp-block-group__inner-container is-layout-flow wp-block-group-is-layout-flow\">\n<div class=\"wp-block-columns are-vertically-aligned-center is-layout-flex wp-container-core-columns-is-layout-9d6595d7 wp-block-columns-is-layout-flex\">\n<div class=\"wp-block-column is-vertically-aligned-center is-layout-flow wp-block-column-is-layout-flow\" style=\"flex-basis:50%\">\n<h2 class=\"wp-block-heading has-text-align-center has-neve-link-hover-color-color has-text-color\">Mais aussi&#8230;<\/h2>\n<\/div>\n\n\n\n<div class=\"wp-block-column is-vertically-aligned-center is-layout-flow wp-block-column-is-layout-flow\" style=\"flex-basis:50%\">\n<p><br>Nous proposons des formations sur des th\u00e9matiques vari\u00e9es, telles que : <br>&#8211; le fonctionnement du conseil municipal<br>&#8211; la prise de parole en public<br>&#8211; la pr\u00e9paration et la conduite de r\u00e9unions <br>&#8211; la relation entre \u00e9lu\u00b7es et agent\u00b7es<br>&#8211; la gestion des archives communales <br>&#8211; la mise en conformit\u00e9 avec le r\u00e8glement g\u00e9n\u00e9ral de protection des donn\u00e9es (RGPD) <br>&#8211; l\u2019\u00e9valuation des politiques publiques<br>&#8211; la concertation publique et les dispositifs de participation citoyenne<br>&#8211; etc.<\/p>\n\n\n\n<p>Plus de pr\u00e9cisions sur simple demande !<\/p>\n<\/div>\n<\/div>\n<\/div><\/div>\n<\/div><\/div>\n\n\n\n<p><\/p>\n\n\n\n<div class=\"wp-block-cover alignfull\" style=\"min-height:300px;aspect-ratio:unset;\"><span aria-hidden=\"true\" class=\"wp-block-cover__background has-nv-dark-bg-background-color has-background-dim-100 has-background-dim\"><\/span><div class=\"wp-block-cover__inner-container is-layout-flow wp-block-cover-is-layout-flow\">\n<div style=\"height:140px\" aria-hidden=\"true\" class=\"wp-block-spacer\"><\/div>\n\n\n\n<h2 class=\"wp-block-heading has-text-align-center has-nv-text-dark-bg-color has-text-color\">Pour toute demande :<\/h2>\n\n\n\n<p class=\"has-text-align-center has-medium-font-size\"><\/p>\n\n\n\n<div class=\"wp-block-buttons is-content-justification-center is-layout-flex wp-container-core-buttons-is-layout-16018d1d wp-block-buttons-is-layout-flex\">\n<div class=\"wp-block-button is-style-primary\"><a class=\"wp-block-button__link wp-element-button\" href=\"mailto:contact@sintacs.fr\">CONTACTEZ-NOUS<\/a><\/div>\n<\/div>\n\n\n\n<div style=\"height:140px\" aria-hidden=\"true\" class=\"wp-block-spacer\"><\/div>\n<\/div><\/div>\n","protected":false},"excerpt":{"rendered":"<p>Nos propositions du moment Cap sur la seconde partie de la mandature Les derni\u00e8res \u00e9lections municipales remontent \u00e0 3 ans. Et si c\u2019\u00e9tait l\u2019occasion de r\u00e9aliser un bilan de mi-mandat ? \u00c9labor\u00e9e \u00e0 destination des \u00e9lu\u00b7e\u00b7s des communes et des intercommunalit\u00e9s et comprenant notamment des exercices de mise en situation r\u00e9elle, cette formation d&rsquo;une journ\u00e9e&hellip;&nbsp;<a href=\"https:\/\/www.sintacs.fr\/index.php\/notre-offre-de-formations\/\" class=\"\" rel=\"bookmark\">Lire la suite &raquo;<span class=\"screen-reader-text\">Notre offre de formations<\/span><\/a><\/p>\n","protected":false},"author":1,"featured_media":0,"parent":0,"menu_order":0,"comment_status":"closed","ping_status":"closed","template":"","meta":{"neve_meta_sidebar":"","neve_meta_container":"","neve_meta_enable_content_width":"","neve_meta_content_width":0,"neve_meta_title_alignment":"","neve_meta_author_avatar":"","neve_post_elements_order":"","neve_meta_disable_header":"","neve_meta_disable_footer":"","neve_meta_disable_title":"","footnotes":""},"class_list":["post-144","page","type-page","status-publish","hentry"],"_links":{"self":[{"href":"https:\/\/www.sintacs.fr\/index.php\/wp-json\/wp\/v2\/pages\/144","targetHints":{"allow":["GET"]}}],"collection":[{"href":"https:\/\/www.sintacs.fr\/index.php\/wp-json\/wp\/v2\/pages"}],"about":[{"href":"https:\/\/www.sintacs.fr\/index.php\/wp-json\/wp\/v2\/types\/page"}],"author":[{"embeddable":true,"href":"https:\/\/www.sintacs.fr\/index.php\/wp-json\/wp\/v2\/users\/1"}],"replies":[{"embeddable":true,"href":"https:\/\/www.sintacs.fr\/index.php\/wp-json\/wp\/v2\/comments?post=144"}],"version-history":[{"count":36,"href":"https:\/\/www.sintacs.fr\/index.php\/wp-json\/wp\/v2\/pages\/144\/revisions"}],"predecessor-version":[{"id":339,"href":"https:\/\/www.sintacs.fr\/index.php\/wp-json\/wp\/v2\/pages\/144\/revisions\/339"}],"wp:attachment":[{"href":"https:\/\/www.sintacs.fr\/index.php\/wp-json\/wp\/v2\/media?parent=144"}],"curies":[{"name":"wp","href":"https:\/\/api.w.org\/{rel}","templated":true}]}}